{"id":15,"date":"2025-02-23T23:58:43","date_gmt":"2025-02-23T23:58:43","guid":{"rendered":"https:\/\/wp.wewede.de\/?page_id=15"},"modified":"2025-02-24T01:01:56","modified_gmt":"2025-02-24T01:01:56","slug":"download-site","status":"publish","type":"page","link":"https:\/\/wp.wewede.de\/","title":{"rendered":"Download Site"},"content":{"rendered":"\n<h2 class=\"wp-block-heading\">Hier finden Sie alle Formulare<\/h2>\n\n\n\n<div class=\"wp-block-file\"><a id=\"wp-block-file--media-76edcde4-b6fb-496f-8b9a-96299748965e\" href=\"https:\/\/wp.wewede.de\/wp-content\/uploads\/2025\/02\/Resturant_Logo.png\">Resturant_Logo.png<\/a><a href=\"https:\/\/wp.wewede.de\/wp-content\/uploads\/2025\/02\/Resturant_Logo.png\" class=\"wp-block-file__button wp-element-button\" download aria-describedby=\"wp-block-file--media-76edcde4-b6fb-496f-8b9a-96299748965e\">Herunterladen<\/a><\/div>\n\n\n\n<div class=\"wp-block-buttons is-layout-flex wp-block-buttons-is-layout-flex\">\n<div class=\"wp-block-button\"><a class=\"wp-block-button__link wp-element-button\">Download Anmeldeformular<\/a><\/div>\n\n\n<\/div>\n\n\n\n<hr class=\"wp-block-separator has-css-opacity is-style-default\"\/>\n\n\n\n<figure class=\"wp-block-image aligncenter size-large is-resized is-style-rounded\"><img decoding=\"async\" src=\"https:\/\/s.w.org\/images\/core\/5.8\/portrait.jpg\" alt=\"Seitliches Profil einer Frau mit rostrotem Rollkragenpullover und wei\u00dfer Tasche. Sie blickt mit geschlossenen Augen auf.\" style=\"width:150px;height:150px\"\/><\/figure>\n\n\n\n<blockquote class=\"wp-block-quote has-text-align-center is-style-large is-layout-flow wp-block-quote-is-layout-flow\">\n<p>\u201eMitzumachen gibt mir das Gef\u00fchl, n\u00fctzlich f\u00fcr den Planeten zu sein.\u201c<\/p>\n<cite>\u2013 Anna Wong, <em>Freiwilliger<\/em><\/cite><\/blockquote>\n\n\n\n<hr class=\"wp-block-separator has-css-opacity is-style-default\"\/>\n\n\n\n<div class=\"wp-block-group alignfull has-background is-layout-constrained wp-container-core-group-is-layout-3bfa357b wp-block-group-is-layout-constrained\" style=\"background-color:#00000008;padding-top:var(--wp--preset--spacing--50);padding-right:var(--wp--preset--spacing--40);padding-bottom:var(--wp--preset--spacing--50);padding-left:var(--wp--preset--spacing--40)\">\n<div class=\"wp-block-group alignwide is-content-justification-space-between is-layout-flex wp-container-core-group-is-layout-cdd4a880 wp-block-group-is-layout-flex\">\n<div class=\"wp-block-group wp-container-content-9cfa9a5a is-content-justification-left is-layout-constrained wp-container-core-group-is-layout-12dd3699 wp-block-group-is-layout-constrained\">\n<p class=\"has-text-align-left\" style=\"font-size:0.9rem;font-style:normal;font-weight:600;letter-spacing:1px;text-transform:uppercase\">Search<\/p>\n\n\n<form role=\"search\" method=\"get\" action=\"https:\/\/wp.wewede.de\/\" class=\"wp-block-search__button-outside wp-block-search__icon-button wp-block-search\"    ><label class=\"wp-block-search__label screen-reader-text\" for=\"wp-block-search__input-1\" >Search<\/label><div class=\"wp-block-search__inside-wrapper\"  style=\"width: 100%\"><input class=\"wp-block-search__input\" id=\"wp-block-search__input-1\" placeholder=\"\" value=\"\" type=\"search\" name=\"s\" required  style=\"border-width: 1px\"\/><button aria-label=\"Search\" class=\"wp-block-search__button has-icon wp-element-button\" type=\"submit\"  style=\"border-width: 1px\"><svg class=\"search-icon\" viewBox=\"0 0 24 24\" width=\"24\" height=\"24\">\n\t\t\t\t\t<path d=\"M13 5c-3.3 0-6 2.7-6 6 0 1.4.5 2.7 1.3 3.7l-3.8 3.8 1.1 1.1 3.8-3.8c1 .8 2.3 1.3 3.7 1.3 3.3 0 6-2.7 6-6S16.3 5 13 5zm0 10.5c-2.5 0-4.5-2-4.5-4.5s2-4.5 4.5-4.5 4.5 2 4.5 4.5-2 4.5-4.5 4.5z\"><\/path>\n\t\t\t\t<\/svg><\/button><\/div><\/form><\/div>\n\n\n\n<div class=\"wp-block-group is-content-justification-right is-nowrap is-layout-flex wp-container-core-group-is-layout-469b99a4 wp-block-group-is-layout-flex\">\n<div class=\"wp-block-group is-vertical is-layout-flex wp-container-core-group-is-layout-fe9cc265 wp-block-group-is-layout-flex\">\n<p class=\"has-text-align-left\" style=\"font-size:0.9rem;font-style:normal;font-weight:600;letter-spacing:1px;text-transform:uppercase\">Social<\/p>\n\n\n\n<div class=\"wp-block-group has-small-font-size is-vertical is-content-justification-left is-layout-flex wp-container-core-group-is-layout-32091062 wp-block-group-is-layout-flex\">\n<p><a href=\"#\">Facebook<\/a><\/p>\n\n\n\n<p><a href=\"#\">Instagram<\/a><\/p>\n\n\n\n<p><a href=\"#\">Twitter<\/a><\/p>\n<\/div>\n<\/div>\n<\/div>\n<\/div>\n\n\n\n<div style=\"height:48px\" aria-hidden=\"true\" class=\"wp-block-spacer\"><\/div>\n\n\n\n<div class=\"wp-block-group alignwide is-content-justification-space-between is-layout-flex wp-container-core-group-is-layout-b585a4aa wp-block-group-is-layout-flex\">\n<div class=\"wp-block-group is-layout-flex wp-block-group-is-layout-flex\"><h1 class=\"wp-block-site-title has-small-font-size\"><a href=\"https:\/\/wp.wewede.de\" target=\"_self\" rel=\"home\">WP Test<\/a><\/h1><\/div>\n\n\n\n<p class=\"has-small-font-size\"> Proudly powered by <a rel=\"nofollow\" href=\"https:\/\/wordpress.org\">WordPress<\/a> <\/p>\n<\/div>\n<\/div>\n\n\n\n<div class=\"wp-block-group has-medium-font-size is-layout-constrained wp-container-core-group-is-layout-cc49c4d0 wp-block-group-is-layout-constrained\" style=\"margin-top:44;margin-bottom:44;padding-top:98;padding-right:98;padding-bottom:98;padding-left:98\">\n<h2 class=\"wp-block-heading has-large-font-size wp-container-content-9cfa9a5a\">Das ist eine Test \u00dcberschrift<\/h2>\n\n\n\n<p>Hallo das ist ein Info Text<\/p>\n<\/div>\n\n\n\n<p><\/p>\n","protected":false},"excerpt":{"rendered":"<p>Hier finden Sie alle Formulare \u201eMitzumachen gibt mir das Gef\u00fchl, n\u00fctzlich f\u00fcr den Planeten zu sein.\u201c \u2013 Anna Wong, Freiwilliger Search Social Facebook Instagram Twitter Proudly powered by WordPress Das ist eine Test \u00dcberschrift Hallo das ist ein Info Text<\/p>\n","protected":false},"author":1,"featured_media":0,"parent":0,"menu_order":0,"comment_status":"closed","ping_status":"closed","template":"","meta":{"footnotes":""},"class_list":["post-15","page","type-page","status-publish","hentry"],"_links":{"self":[{"href":"https:\/\/wp.wewede.de\/index.php?rest_route=\/wp\/v2\/pages\/15","targetHints":{"allow":["GET"]}}],"collection":[{"href":"https:\/\/wp.wewede.de\/index.php?rest_route=\/wp\/v2\/pages"}],"about":[{"href":"https:\/\/wp.wewede.de\/index.php?rest_route=\/wp\/v2\/types\/page"}],"author":[{"embeddable":true,"href":"https:\/\/wp.wewede.de\/index.php?rest_route=\/wp\/v2\/users\/1"}],"replies":[{"embeddable":true,"href":"https:\/\/wp.wewede.de\/index.php?rest_route=%2Fwp%2Fv2%2Fcomments&post=15"}],"version-history":[{"count":5,"href":"https:\/\/wp.wewede.de\/index.php?rest_route=\/wp\/v2\/pages\/15\/revisions"}],"predecessor-version":[{"id":24,"href":"https:\/\/wp.wewede.de\/index.php?rest_route=\/wp\/v2\/pages\/15\/revisions\/24"}],"wp:attachment":[{"href":"https:\/\/wp.wewede.de\/index.php?rest_route=%2Fwp%2Fv2%2Fmedia&parent=15"}],"curies":[{"name":"wp","href":"https:\/\/api.w.org\/{rel}","templated":true}]}}